{"id":44165,"date":"2019-05-27T07:34:04","date_gmt":"2019-05-27T07:34:04","guid":{"rendered":"http:\/\/citrusmedia.dk\/\/netvaerksoversigt\/"},"modified":"2022-10-19T07:35:00","modified_gmt":"2022-10-19T07:35:00","slug":"netvaerksoversigt","status":"publish","type":"page","link":"https:\/\/citrusmedia.dk\/en\/netvaerksoversigt\/","title":{"rendered":"Network overview"},"content":{"rendered":"","protected":false},"excerpt":{"rendered":"","protected":false},"author":1,"featured_media":0,"parent":0,"menu_order":0,"comment_status":"closed","ping_status":"closed","template":"page-templates\/tpl-location.php","meta":{"footnotes":""},"class_list":["post-44165","page","type-page","status-publish","hentry"],"acf":[],"yoast_head":"<!-- This site is optimized with the Yoast SEO plugin v27.4 - https:\/\/yoast.com\/product\/yoast-seo-wordpress\/ -->\n<title>Netv\u00e6rksoversigt - Citrusmedia<\/title>\n<meta name=\"description\" content=\"Hos citrusmedia, kan du lave en udregning p\u00e5 hvor mange du vil kunne ramme med din digitale marksf\u00f8ring\" \/>\n<meta name=\"robots\" content=\"index, follow, max-snippet:-1, max-image-preview:large, max-video-preview:-1\" \/>\n<link rel=\"canonical\" href=\"https:\/\/citrusmedia.dk\/en\/netvaerksoversigt\/\" \/>\n<meta property=\"og:locale\" content=\"en_GB\" \/>\n<meta property=\"og:type\" content=\"article\" \/>\n<meta property=\"og:title\" content=\"Netv\u00e6rksoversigt - Citrusmedia\" \/>\n<meta property=\"og:description\" content=\"Hos citrusmedia, kan du lave en udregning p\u00e5 hvor mange du vil kunne ramme med din digitale marksf\u00f8ring\" \/>\n<meta property=\"og:url\" content=\"https:\/\/citrusmedia.dk\/en\/netvaerksoversigt\/\" \/>\n<meta property=\"og:site_name\" content=\"Citrusmedia\" \/>\n<meta property=\"article:modified_time\" content=\"2022-10-19T07:35:00+00:00\" \/>\n<meta name=\"twitter:card\" content=\"summary_large_image\" \/>\n<script type=\"application\/ld+json\" class=\"yoast-schema-graph\">{\"@context\":\"https:\\\/\\\/schema.org\",\"@graph\":[{\"@type\":\"WebPage\",\"@id\":\"https:\\\/\\\/citrusmedia.dk\\\/en\\\/netvaerksoversigt\\\/\",\"url\":\"https:\\\/\\\/citrusmedia.dk\\\/en\\\/netvaerksoversigt\\\/\",\"name\":\"Netv\u00e6rksoversigt - Citrusmedia\",\"isPartOf\":{\"@id\":\"https:\\\/\\\/citrusmedia.dk\\\/en\\\/#website\"},\"datePublished\":\"2019-05-27T07:34:04+00:00\",\"dateModified\":\"2022-10-19T07:35:00+00:00\",\"description\":\"Hos citrusmedia, kan du lave en udregning p\u00e5 hvor mange du vil kunne ramme med din digitale marksf\u00f8ring\",\"breadcrumb\":{\"@id\":\"https:\\\/\\\/citrusmedia.dk\\\/en\\\/netvaerksoversigt\\\/#breadcrumb\"},\"inLanguage\":\"en-GB\",\"potentialAction\":[{\"@type\":\"ReadAction\",\"target\":[\"https:\\\/\\\/citrusmedia.dk\\\/en\\\/netvaerksoversigt\\\/\"]}]},{\"@type\":\"BreadcrumbList\",\"@id\":\"https:\\\/\\\/citrusmedia.dk\\\/en\\\/netvaerksoversigt\\\/#breadcrumb\",\"itemListElement\":[{\"@type\":\"ListItem\",\"position\":1,\"name\":\"Home\",\"item\":\"https:\\\/\\\/citrusmedia.dk\\\/\"},{\"@type\":\"ListItem\",\"position\":2,\"name\":\"Netv\u00e6rksoversigt\"}]},{\"@type\":\"WebSite\",\"@id\":\"https:\\\/\\\/citrusmedia.dk\\\/en\\\/#website\",\"url\":\"https:\\\/\\\/citrusmedia.dk\\\/en\\\/\",\"name\":\"Citrusmedia\",\"description\":\"Effektiv kommunikation\",\"publisher\":{\"@id\":\"https:\\\/\\\/citrusmedia.dk\\\/en\\\/#organization\"},\"potentialAction\":[{\"@type\":\"SearchAction\",\"target\":{\"@type\":\"EntryPoint\",\"urlTemplate\":\"https:\\\/\\\/citrusmedia.dk\\\/en\\\/?s={search_term_string}\"},\"query-input\":{\"@type\":\"PropertyValueSpecification\",\"valueRequired\":true,\"valueName\":\"search_term_string\"}}],\"inLanguage\":\"en-GB\"},{\"@type\":\"Organization\",\"@id\":\"https:\\\/\\\/citrusmedia.dk\\\/en\\\/#organization\",\"name\":\"Citrusmedia\",\"url\":\"https:\\\/\\\/citrusmedia.dk\\\/en\\\/\",\"logo\":{\"@type\":\"ImageObject\",\"inLanguage\":\"en-GB\",\"@id\":\"https:\\\/\\\/citrusmedia.dk\\\/en\\\/#\\\/schema\\\/logo\\\/image\\\/\",\"url\":\"https:\\\/\\\/citrusmedia.dk\\\/wp-content\\\/uploads\\\/2023\\\/01\\\/Aktiv-25@4x.png\",\"contentUrl\":\"https:\\\/\\\/citrusmedia.dk\\\/wp-content\\\/uploads\\\/2023\\\/01\\\/Aktiv-25@4x.png\",\"width\":1575,\"height\":1575,\"caption\":\"Citrusmedia\"},\"image\":{\"@id\":\"https:\\\/\\\/citrusmedia.dk\\\/en\\\/#\\\/schema\\\/logo\\\/image\\\/\"}}]}<\/script>\n<!-- \/ Yoast SEO plugin. -->","yoast_head_json":{"title":"Netv\u00e6rksoversigt - Citrusmedia","description":"Hos citrusmedia, kan du lave en udregning p\u00e5 hvor mange du vil kunne ramme med din digitale marksf\u00f8ring","robots":{"index":"index","follow":"follow","max-snippet":"max-snippet:-1","max-image-preview":"max-image-preview:large","max-video-preview":"max-video-preview:-1"},"canonical":"https:\/\/citrusmedia.dk\/en\/netvaerksoversigt\/","og_locale":"en_GB","og_type":"article","og_title":"Netv\u00e6rksoversigt - Citrusmedia","og_description":"Hos citrusmedia, kan du lave en udregning p\u00e5 hvor mange du vil kunne ramme med din digitale marksf\u00f8ring","og_url":"https:\/\/citrusmedia.dk\/en\/netvaerksoversigt\/","og_site_name":"Citrusmedia","article_modified_time":"2022-10-19T07:35:00+00:00","twitter_card":"summary_large_image","schema":{"@context":"https:\/\/schema.org","@graph":[{"@type":"WebPage","@id":"https:\/\/citrusmedia.dk\/en\/netvaerksoversigt\/","url":"https:\/\/citrusmedia.dk\/en\/netvaerksoversigt\/","name":"Netv\u00e6rksoversigt - Citrusmedia","isPartOf":{"@id":"https:\/\/citrusmedia.dk\/en\/#website"},"datePublished":"2019-05-27T07:34:04+00:00","dateModified":"2022-10-19T07:35:00+00:00","description":"Hos citrusmedia, kan du lave en udregning p\u00e5 hvor mange du vil kunne ramme med din digitale marksf\u00f8ring","breadcrumb":{"@id":"https:\/\/citrusmedia.dk\/en\/netvaerksoversigt\/#breadcrumb"},"inLanguage":"en-GB","potentialAction":[{"@type":"ReadAction","target":["https:\/\/citrusmedia.dk\/en\/netvaerksoversigt\/"]}]},{"@type":"BreadcrumbList","@id":"https:\/\/citrusmedia.dk\/en\/netvaerksoversigt\/#breadcrumb","itemListElement":[{"@type":"ListItem","position":1,"name":"Home","item":"https:\/\/citrusmedia.dk\/"},{"@type":"ListItem","position":2,"name":"Netv\u00e6rksoversigt"}]},{"@type":"WebSite","@id":"https:\/\/citrusmedia.dk\/en\/#website","url":"https:\/\/citrusmedia.dk\/en\/","name":"Citrusmedia","description":"Effektiv kommunikation","publisher":{"@id":"https:\/\/citrusmedia.dk\/en\/#organization"},"potentialAction":[{"@type":"SearchAction","target":{"@type":"EntryPoint","urlTemplate":"https:\/\/citrusmedia.dk\/en\/?s={search_term_string}"},"query-input":{"@type":"PropertyValueSpecification","valueRequired":true,"valueName":"search_term_string"}}],"inLanguage":"en-GB"},{"@type":"Organization","@id":"https:\/\/citrusmedia.dk\/en\/#organization","name":"Citrusmedia","url":"https:\/\/citrusmedia.dk\/en\/","logo":{"@type":"ImageObject","inLanguage":"en-GB","@id":"https:\/\/citrusmedia.dk\/en\/#\/schema\/logo\/image\/","url":"https:\/\/citrusmedia.dk\/wp-content\/uploads\/2023\/01\/Aktiv-25@4x.png","contentUrl":"https:\/\/citrusmedia.dk\/wp-content\/uploads\/2023\/01\/Aktiv-25@4x.png","width":1575,"height":1575,"caption":"Citrusmedia"},"image":{"@id":"https:\/\/citrusmedia.dk\/en\/#\/schema\/logo\/image\/"}}]}},"_links":{"self":[{"href":"https:\/\/citrusmedia.dk\/en\/wp-json\/wp\/v2\/pages\/44165","targetHints":{"allow":["GET"]}}],"collection":[{"href":"https:\/\/citrusmedia.dk\/en\/wp-json\/wp\/v2\/pages"}],"about":[{"href":"https:\/\/citrusmedia.dk\/en\/wp-json\/wp\/v2\/types\/page"}],"author":[{"embeddable":true,"href":"https:\/\/citrusmedia.dk\/en\/wp-json\/wp\/v2\/users\/1"}],"replies":[{"embeddable":true,"href":"https:\/\/citrusmedia.dk\/en\/wp-json\/wp\/v2\/comments?post=44165"}],"version-history":[{"count":9,"href":"https:\/\/citrusmedia.dk\/en\/wp-json\/wp\/v2\/pages\/44165\/revisions"}],"predecessor-version":[{"id":121738,"href":"https:\/\/citrusmedia.dk\/en\/wp-json\/wp\/v2\/pages\/44165\/revisions\/121738"}],"wp:attachment":[{"href":"https:\/\/citrusmedia.dk\/en\/wp-json\/wp\/v2\/media?parent=44165"}],"curies":[{"name":"wp","href":"https:\/\/api.w.org\/{rel}","templated":true}]}}