{"id":127883,"date":"2025-03-11T12:31:41","date_gmt":"2025-03-11T12:31:41","guid":{"rendered":"https:\/\/citrusmedia.dk\/?page_id=127883"},"modified":"2026-04-16T12:08:23","modified_gmt":"2026-04-16T12:08:23","slug":"impact","status":"publish","type":"page","link":"https:\/\/citrusmedia.dk\/en\/impact\/","title":{"rendered":"Impact"},"content":{"rendered":"<div data-elementor-type=\"wp-page\" data-elementor-id=\"127883\" class=\"elementor elementor-127883\" data-elementor-post-type=\"page\">\n\t\t\t\t\t\t<section class=\"elementor-section elementor-top-section elementor-element elementor-element-38264e18 elementor-section-height-min-height elementor-section-boxed elementor-section-height-default elementor-section-items-middle\" data-id=\"38264e18\" data-element_type=\"section\" data-settings=\"{&quot;background_background&quot;:&quot;video&quot;,&quot;background_video_link&quot;:&quot;\\\/wp-content\\\/uploads\\\/2022\\\/08\\\/Cases_video_hjemmeside_uden_grade_u.lyd_low_q.mp4&quot;}\">\n\t\t\t\t\t\t\t\t<div class=\"elementor-background-video-container elementor-hidden-mobile\">\n\t\t\t\t\t\t\t\t\t\t\t\t\t<video class=\"elementor-background-video-hosted\" autoplay muted playsinline loop><\/video>\n\t\t\t\t\t\t\t\t\t\t\t<\/div>\n\t\t\t\t\t\t\t\t\t<div class=\"elementor-background-overlay\"><\/div>\n\t\t\t\t\t\t\t<div class=\"elementor-container elementor-column-gap-default\">\n\t\t\t\t\t<div class=\"elementor-column elementor-col-100 elementor-top-column elementor-element elementor-element-145c94e2\" data-id=\"145c94e2\" data-element_type=\"column\">\n\t\t\t<div class=\"elementor-widget-wrap elementor-element-populated\">\n\t\t\t\t\t\t<div class=\"elementor-element elementor-element-efe3eff elementor-widget elementor-widget-image\" data-id=\"efe3eff\" data-element_type=\"widget\" data-widget_type=\"image.default\">\n\t\t\t\t<div class=\"elementor-widget-container\">\n\t\t\t\t\t\t\t\t\t\t\t\t\t\t\t<img fetchpriority=\"high\" decoding=\"async\" width=\"800\" height=\"72\" src=\"https:\/\/citrusmedia.dk\/wp-content\/uploads\/2025\/03\/Impact.png\" class=\"attachment-large size-large wp-image-127885\" alt=\"\" srcset=\"https:\/\/citrusmedia.dk\/wp-content\/uploads\/2025\/03\/Impact.png 1000w, https:\/\/citrusmedia.dk\/wp-content\/uploads\/2025\/03\/Impact-300x27.png 300w, https:\/\/citrusmedia.dk\/wp-content\/uploads\/2025\/03\/Impact-768x69.png 768w, https:\/\/citrusmedia.dk\/wp-content\/uploads\/2025\/03\/Impact-18x2.png 18w\" sizes=\"(max-width: 800px) 100vw, 800px\" \/>\t\t\t\t\t\t\t\t\t\t\t\t\t\t\t<\/div>\n\t\t\t\t<\/div>\n\t\t\t\t<div class=\"elementor-element elementor-element-9b1a448 elementor-widget elementor-widget-text-editor\" data-id=\"9b1a448\" data-element_type=\"widget\" data-widget_type=\"text-editor.default\">\n\t\t\t\t<div class=\"elementor-widget-container\">\n\t\t\t\t\t\t\t\t\t<p>Scaffolding banners and gable advertising create a strong visual presence that ensures maximum attention. With Impact, brands get significant and long-lasting exposure, which can be further enhanced with digital screens and guerrilla marketing. By combining large format with dynamic and creative efforts, the pulse of the city is optimally utilized, so campaigns have even greater impact.<\/p>\t\t\t\t\t\t\t\t<\/div>\n\t\t\t\t<\/div>\n\t\t\t\t\t<\/div>\n\t\t<\/div>\n\t\t\t\t\t<\/div>\n\t\t<\/section>\n\t\t\t\t<section class=\"elementor-section elementor-top-section elementor-element elementor-element-55156e70 elementor-section-height-min-height animated-fast elementor-section-boxed elementor-section-height-default elementor-section-items-middle elementor-invisible\" data-id=\"55156e70\" data-element_type=\"section\" data-settings=\"{&quot;animation&quot;:&quot;fadeInUp&quot;}\">\n\t\t\t\t\t\t<div class=\"elementor-container elementor-column-gap-wider\">\n\t\t\t\t\t<div class=\"elementor-column elementor-col-50 elementor-top-column elementor-element elementor-element-4319385d\" data-id=\"4319385d\" data-element_type=\"column\">\n\t\t\t<div class=\"elementor-widget-wrap elementor-element-populated\">\n\t\t\t\t\t\t<div class=\"elementor-element elementor-element-46ef212a elementor-widget elementor-widget-image\" data-id=\"46ef212a\" data-element_type=\"widget\" data-widget_type=\"image.default\">\n\t\t\t\t<div class=\"elementor-widget-container\">\n\t\t\t\t\t\t\t\t\t\t\t\t\t\t\t<img decoding=\"async\" width=\"2500\" height=\"1875\" src=\"https:\/\/citrusmedia.dk\/wp-content\/uploads\/2026\/04\/Aarhus-Havn-3.jpg\" class=\"attachment-full size-full wp-image-129309\" alt=\"\" srcset=\"https:\/\/citrusmedia.dk\/wp-content\/uploads\/2026\/04\/Aarhus-Havn-3.jpg 2500w, https:\/\/citrusmedia.dk\/wp-content\/uploads\/2026\/04\/Aarhus-Havn-3-300x225.jpg 300w, https:\/\/citrusmedia.dk\/wp-content\/uploads\/2026\/04\/Aarhus-Havn-3-1024x768.jpg 1024w, https:\/\/citrusmedia.dk\/wp-content\/uploads\/2026\/04\/Aarhus-Havn-3-768x576.jpg 768w, https:\/\/citrusmedia.dk\/wp-content\/uploads\/2026\/04\/Aarhus-Havn-3-1536x1152.jpg 1536w, https:\/\/citrusmedia.dk\/wp-content\/uploads\/2026\/04\/Aarhus-Havn-3-2048x1536.jpg 2048w, https:\/\/citrusmedia.dk\/wp-content\/uploads\/2026\/04\/Aarhus-Havn-3-16x12.jpg 16w\" sizes=\"(max-width: 2500px) 100vw, 2500px\" \/>\t\t\t\t\t\t\t\t\t\t\t\t\t\t\t<\/div>\n\t\t\t\t<\/div>\n\t\t\t\t\t<\/div>\n\t\t<\/div>\n\t\t\t\t<div class=\"elementor-column elementor-col-50 elementor-top-column elementor-element elementor-element-6421d831\" data-id=\"6421d831\" data-element_type=\"column\">\n\t\t\t<div class=\"elementor-widget-wrap elementor-element-populated\">\n\t\t\t\t\t\t<div class=\"elementor-element elementor-element-3b716c13 elementor-widget elementor-widget-heading\" data-id=\"3b716c13\" data-element_type=\"widget\" data-widget_type=\"heading.default\">\n\t\t\t\t<div class=\"elementor-widget-container\">\n\t\t\t\t\t<h2 class=\"elementor-heading-title elementor-size-default\">Premium<\/h2>\t\t\t\t<\/div>\n\t\t\t\t<\/div>\n\t\t\t\t<div class=\"elementor-element elementor-element-23ddd12d elementor-widget elementor-widget-text-editor\" data-id=\"23ddd12d\" data-element_type=\"widget\" data-widget_type=\"text-editor.default\">\n\t\t\t\t<div class=\"elementor-widget-container\">\n\t\t\t\t\t\t\t\t\t<p>Scaffolding advertising takes advantage of temporary construction projects to create eye-catching and attractive campaigns in high-traffic locations. With large surfaces that integrate into the streetscape, scaffolding ensures great exposure and a natural eye-catcher in the city&#039;s busiest areas.<\/p><p><span data-olk-copy-source=\"MessageBody\">Our scaffolding banners are much more than just a large advertising surface \u2013 they are a unique opportunity to create maximum impact and positioning in the middle of the city&#039;s vibrant life.<\/span><\/p>\t\t\t\t\t\t\t\t<\/div>\n\t\t\t\t<\/div>\n\t\t\t\t<div class=\"elementor-element elementor-element-365d2b7c elementor-widget elementor-widget-button\" data-id=\"365d2b7c\" data-element_type=\"widget\" data-widget_type=\"button.default\">\n\t\t\t\t<div class=\"elementor-widget-container\">\n\t\t\t\t\t\t\t\t\t<div class=\"elementor-button-wrapper\">\n\t\t\t\t\t<a class=\"elementor-button elementor-button-link elementor-size-sm\" href=\"https:\/\/citrusmedia.dk\/en\/premium-impact-stilladser\/\">\n\t\t\t\t\t\t<span class=\"elementor-button-content-wrapper\">\n\t\t\t\t\t\t\t\t\t<span class=\"elementor-button-text\">SEE THE MEDIA HERE<\/span>\n\t\t\t\t\t<\/span>\n\t\t\t\t\t<\/a>\n\t\t\t\t<\/div>\n\t\t\t\t\t\t\t\t<\/div>\n\t\t\t\t<\/div>\n\t\t\t\t\t<\/div>\n\t\t<\/div>\n\t\t\t\t\t<\/div>\n\t\t<\/section>\n\t\t\t\t<section class=\"elementor-section elementor-top-section elementor-element elementor-element-1b920165 elementor-section-height-min-height elementor-reverse-tablet elementor-reverse-mobile animated-fast elementor-section-boxed elementor-section-height-default elementor-section-items-middle elementor-invisible\" data-id=\"1b920165\" data-element_type=\"section\" data-settings=\"{&quot;animation&quot;:&quot;fadeInUp&quot;}\">\n\t\t\t\t\t\t<div class=\"elementor-container elementor-column-gap-wider\">\n\t\t\t\t\t<div class=\"elementor-column elementor-col-50 elementor-top-column elementor-element elementor-element-3ba23a22\" data-id=\"3ba23a22\" data-element_type=\"column\">\n\t\t\t<div class=\"elementor-widget-wrap elementor-element-populated\">\n\t\t\t\t\t\t<div class=\"elementor-element elementor-element-2e3e9a42 elementor-widget elementor-widget-heading\" data-id=\"2e3e9a42\" data-element_type=\"widget\" data-widget_type=\"heading.default\">\n\t\t\t\t<div class=\"elementor-widget-container\">\n\t\t\t\t\t<h2 class=\"elementor-heading-title elementor-size-default\">Gable<\/h2>\t\t\t\t<\/div>\n\t\t\t\t<\/div>\n\t\t\t\t<div class=\"elementor-element elementor-element-4f6347e2 elementor-widget elementor-widget-text-editor\" data-id=\"4f6347e2\" data-element_type=\"widget\" data-widget_type=\"text-editor.default\">\n\t\t\t\t<div class=\"elementor-widget-container\">\n\t\t\t\t\t\t\t\t\t<p>Gable advertising gives brands a distinctive and lasting visibility on strategically placed buildings throughout the country.<\/p><p>Gable advertising is a more budget-friendly large-format solution that gives brands significant visibility in the cityscape. Placed at major traffic junctions in the country&#039;s largest cities, they ensure high exposure to a wide audience. With Impact, all brands have the opportunity to participate, and the effect can be amplified by combining gables with our digital screens for maximum reach and coverage.<\/p>\t\t\t\t\t\t\t\t<\/div>\n\t\t\t\t<\/div>\n\t\t\t\t<div class=\"elementor-element elementor-element-60208dfb elementor-widget elementor-widget-button\" data-id=\"60208dfb\" data-element_type=\"widget\" data-widget_type=\"button.default\">\n\t\t\t\t<div class=\"elementor-widget-container\">\n\t\t\t\t\t\t\t\t\t<div class=\"elementor-button-wrapper\">\n\t\t\t\t\t<a class=\"elementor-button elementor-button-link elementor-size-sm\" href=\"https:\/\/citrusmedia.dk\/en\/impact-gavle\/\">\n\t\t\t\t\t\t<span class=\"elementor-button-content-wrapper\">\n\t\t\t\t\t\t\t\t\t<span class=\"elementor-button-text\">SEE THE MEDIA HERE<\/span>\n\t\t\t\t\t<\/span>\n\t\t\t\t\t<\/a>\n\t\t\t\t<\/div>\n\t\t\t\t\t\t\t\t<\/div>\n\t\t\t\t<\/div>\n\t\t\t\t\t<\/div>\n\t\t<\/div>\n\t\t\t\t<div class=\"elementor-column elementor-col-50 elementor-top-column elementor-element elementor-element-424432a2\" data-id=\"424432a2\" data-element_type=\"column\">\n\t\t\t<div class=\"elementor-widget-wrap elementor-element-populated\">\n\t\t\t\t\t\t<div class=\"elementor-element elementor-element-7f171906 elementor-widget elementor-widget-image\" data-id=\"7f171906\" data-element_type=\"widget\" data-widget_type=\"image.default\">\n\t\t\t\t<div class=\"elementor-widget-container\">\n\t\t\t\t\t\t\t\t\t\t\t\t\t\t\t<img decoding=\"async\" width=\"2500\" height=\"1667\" src=\"https:\/\/citrusmedia.dk\/wp-content\/uploads\/2026\/04\/260408-CM-XPENG-3.jpg\" class=\"attachment-full size-full wp-image-129311\" alt=\"\" srcset=\"https:\/\/citrusmedia.dk\/wp-content\/uploads\/2026\/04\/260408-CM-XPENG-3.jpg 2500w, https:\/\/citrusmedia.dk\/wp-content\/uploads\/2026\/04\/260408-CM-XPENG-3-300x200.jpg 300w, https:\/\/citrusmedia.dk\/wp-content\/uploads\/2026\/04\/260408-CM-XPENG-3-1024x683.jpg 1024w, https:\/\/citrusmedia.dk\/wp-content\/uploads\/2026\/04\/260408-CM-XPENG-3-768x512.jpg 768w, https:\/\/citrusmedia.dk\/wp-content\/uploads\/2026\/04\/260408-CM-XPENG-3-1536x1024.jpg 1536w, https:\/\/citrusmedia.dk\/wp-content\/uploads\/2026\/04\/260408-CM-XPENG-3-2048x1366.jpg 2048w, https:\/\/citrusmedia.dk\/wp-content\/uploads\/2026\/04\/260408-CM-XPENG-3-18x12.jpg 18w\" sizes=\"(max-width: 2500px) 100vw, 2500px\" \/>\t\t\t\t\t\t\t\t\t\t\t\t\t\t\t<\/div>\n\t\t\t\t<\/div>\n\t\t\t\t\t<\/div>\n\t\t<\/div>\n\t\t\t\t\t<\/div>\n\t\t<\/section>\n\t\t\t\t<section class=\"elementor-section elementor-top-section elementor-element elementor-element-5b436320 elementor-section-full_width elementor-section-height-min-height elementor-section-height-default elementor-section-items-middle\" data-id=\"5b436320\" data-element_type=\"section\" data-settings=\"{&quot;background_background&quot;:&quot;gradient&quot;}\">\n\t\t\t\t\t\t<div class=\"elementor-container elementor-column-gap-default\">\n\t\t\t\t\t<div class=\"elementor-column elementor-col-100 elementor-top-column elementor-element elementor-element-4b5e1435\" data-id=\"4b5e1435\" data-element_type=\"column\">\n\t\t\t<div class=\"elementor-widget-wrap elementor-element-populated\">\n\t\t\t\t\t\t<div class=\"elementor-element elementor-element-7f7b63b2 elementor-widget elementor-widget-heading\" data-id=\"7f7b63b2\" data-element_type=\"widget\" data-widget_type=\"heading.default\">\n\t\t\t\t<div class=\"elementor-widget-container\">\n\t\t\t\t\t<h3 class=\"elementor-heading-title elementor-size-default\">Should we have a chat about your <br>next campaign<\/h3>\t\t\t\t<\/div>\n\t\t\t\t<\/div>\n\t\t\t\t<div class=\"elementor-element elementor-element-340c7320 elementor-align-center elementor-widget elementor-widget-button\" data-id=\"340c7320\" data-element_type=\"widget\" data-widget_type=\"button.default\">\n\t\t\t\t<div class=\"elementor-widget-container\">\n\t\t\t\t\t\t\t\t\t<div class=\"elementor-button-wrapper\">\n\t\t\t\t\t<a class=\"elementor-button elementor-button-link elementor-size-sm\" href=\"\/en\/contact\/\">\n\t\t\t\t\t\t<span class=\"elementor-button-content-wrapper\">\n\t\t\t\t\t\t\t\t\t<span class=\"elementor-button-text\">CONTACT US TODAY<\/span>\n\t\t\t\t\t<\/span>\n\t\t\t\t\t<\/a>\n\t\t\t\t<\/div>\n\t\t\t\t\t\t\t\t<\/div>\n\t\t\t\t<\/div>\n\t\t\t\t\t<\/div>\n\t\t<\/div>\n\t\t\t\t\t<\/div>\n\t\t<\/section>\n\t\t\t\t<\/div>","protected":false},"excerpt":{"rendered":"<p>Scaffolding banners and gable advertising create a strong visual presence that ensures maximum attention. With Impact, brands get significant and long-lasting exposure, which can be further enhanced with digital screens and guerrilla marketing. By combining large format with dynamic and creative efforts, the pulse of the city is optimally utilized, so that campaigns have even greater impact. Premium Scaffolding Advertising utilizes temporary construction projects [\u2026]<\/p>","protected":false},"author":3,"featured_media":0,"parent":0,"menu_order":0,"comment_status":"closed","ping_status":"closed","template":"","meta":{"footnotes":""},"class_list":["post-127883","page","type-page","status-publish","hentry"],"acf":[],"yoast_head":"<!-- This site is optimized with the Yoast SEO plugin v27.4 - https:\/\/yoast.com\/product\/yoast-seo-wordpress\/ -->\n<title>Impact - Citrusmedia<\/title>\n<meta name=\"robots\" content=\"index, follow, max-snippet:-1, max-image-preview:large, max-video-preview:-1\" \/>\n<link rel=\"canonical\" href=\"https:\/\/citrusmedia.dk\/en\/impact\/\" \/>\n<meta property=\"og:locale\" content=\"en_GB\" \/>\n<meta property=\"og:type\" content=\"article\" \/>\n<meta property=\"og:title\" content=\"Impact - Citrusmedia\" \/>\n<meta property=\"og:description\" content=\"Stilladsbannere og gavlreklamer skaber en st\u00e6rk visuel tilstedev\u00e6relse, der sikrer maksimal opm\u00e6rksomhed. Med Impact f\u00e5r brands en markant og langvarig eksponering, som kan forst\u00e6rkes yderligere med digitale sk\u00e6rme og guerilla marketing. Ved at kombinere storformat med dynamiske og kreative indsatser udnyttes byens puls optimalt, s\u00e5 kampagner f\u00e5r endnu st\u00f8rre gennemslagskraft. Premium Stilladsreklamer udnytter midlertidige byggeprojekter [&hellip;]\" \/>\n<meta property=\"og:url\" content=\"https:\/\/citrusmedia.dk\/en\/impact\/\" \/>\n<meta property=\"og:site_name\" content=\"Citrusmedia\" \/>\n<meta property=\"article:modified_time\" content=\"2026-04-16T12:08:23+00:00\" \/>\n<meta property=\"og:image\" content=\"https:\/\/citrusmedia.dk\/wp-content\/uploads\/2025\/03\/Impact.png\" \/>\n\t<meta property=\"og:image:width\" content=\"1000\" \/>\n\t<meta property=\"og:image:height\" content=\"90\" \/>\n\t<meta property=\"og:image:type\" content=\"image\/png\" \/>\n<meta name=\"twitter:card\" content=\"summary_large_image\" \/>\n<meta name=\"twitter:label1\" content=\"Estimated reading time\" \/>\n\t<meta name=\"twitter:data1\" content=\"2 minutes\" \/>\n<script type=\"application\/ld+json\" class=\"yoast-schema-graph\">{\"@context\":\"https:\\\/\\\/schema.org\",\"@graph\":[{\"@type\":\"WebPage\",\"@id\":\"https:\\\/\\\/citrusmedia.dk\\\/en\\\/impact\\\/\",\"url\":\"https:\\\/\\\/citrusmedia.dk\\\/en\\\/impact\\\/\",\"name\":\"Impact - Citrusmedia\",\"isPartOf\":{\"@id\":\"https:\\\/\\\/citrusmedia.dk\\\/en\\\/#website\"},\"primaryImageOfPage\":{\"@id\":\"https:\\\/\\\/citrusmedia.dk\\\/en\\\/impact\\\/#primaryimage\"},\"image\":{\"@id\":\"https:\\\/\\\/citrusmedia.dk\\\/en\\\/impact\\\/#primaryimage\"},\"thumbnailUrl\":\"https:\\\/\\\/citrusmedia.dk\\\/wp-content\\\/uploads\\\/2025\\\/03\\\/Impact.png\",\"datePublished\":\"2025-03-11T12:31:41+00:00\",\"dateModified\":\"2026-04-16T12:08:23+00:00\",\"breadcrumb\":{\"@id\":\"https:\\\/\\\/citrusmedia.dk\\\/en\\\/impact\\\/#breadcrumb\"},\"inLanguage\":\"en-GB\",\"potentialAction\":[{\"@type\":\"ReadAction\",\"target\":[\"https:\\\/\\\/citrusmedia.dk\\\/en\\\/impact\\\/\"]}]},{\"@type\":\"ImageObject\",\"inLanguage\":\"en-GB\",\"@id\":\"https:\\\/\\\/citrusmedia.dk\\\/en\\\/impact\\\/#primaryimage\",\"url\":\"https:\\\/\\\/citrusmedia.dk\\\/wp-content\\\/uploads\\\/2025\\\/03\\\/Impact.png\",\"contentUrl\":\"https:\\\/\\\/citrusmedia.dk\\\/wp-content\\\/uploads\\\/2025\\\/03\\\/Impact.png\"},{\"@type\":\"BreadcrumbList\",\"@id\":\"https:\\\/\\\/citrusmedia.dk\\\/en\\\/impact\\\/#breadcrumb\",\"itemListElement\":[{\"@type\":\"ListItem\",\"position\":1,\"name\":\"Home\",\"item\":\"https:\\\/\\\/citrusmedia.dk\\\/\"},{\"@type\":\"ListItem\",\"position\":2,\"name\":\"Impact\"}]},{\"@type\":\"WebSite\",\"@id\":\"https:\\\/\\\/citrusmedia.dk\\\/en\\\/#website\",\"url\":\"https:\\\/\\\/citrusmedia.dk\\\/en\\\/\",\"name\":\"Citrusmedia\",\"description\":\"Effektiv kommunikation\",\"publisher\":{\"@id\":\"https:\\\/\\\/citrusmedia.dk\\\/en\\\/#organization\"},\"potentialAction\":[{\"@type\":\"SearchAction\",\"target\":{\"@type\":\"EntryPoint\",\"urlTemplate\":\"https:\\\/\\\/citrusmedia.dk\\\/en\\\/?s={search_term_string}\"},\"query-input\":{\"@type\":\"PropertyValueSpecification\",\"valueRequired\":true,\"valueName\":\"search_term_string\"}}],\"inLanguage\":\"en-GB\"},{\"@type\":\"Organization\",\"@id\":\"https:\\\/\\\/citrusmedia.dk\\\/en\\\/#organization\",\"name\":\"Citrusmedia\",\"url\":\"https:\\\/\\\/citrusmedia.dk\\\/en\\\/\",\"logo\":{\"@type\":\"ImageObject\",\"inLanguage\":\"en-GB\",\"@id\":\"https:\\\/\\\/citrusmedia.dk\\\/en\\\/#\\\/schema\\\/logo\\\/image\\\/\",\"url\":\"https:\\\/\\\/citrusmedia.dk\\\/wp-content\\\/uploads\\\/2023\\\/01\\\/Aktiv-25@4x.png\",\"contentUrl\":\"https:\\\/\\\/citrusmedia.dk\\\/wp-content\\\/uploads\\\/2023\\\/01\\\/Aktiv-25@4x.png\",\"width\":1575,\"height\":1575,\"caption\":\"Citrusmedia\"},\"image\":{\"@id\":\"https:\\\/\\\/citrusmedia.dk\\\/en\\\/#\\\/schema\\\/logo\\\/image\\\/\"}}]}<\/script>\n<!-- \/ Yoast SEO plugin. -->","yoast_head_json":{"title":"Impact - Citrusmedia","robots":{"index":"index","follow":"follow","max-snippet":"max-snippet:-1","max-image-preview":"max-image-preview:large","max-video-preview":"max-video-preview:-1"},"canonical":"https:\/\/citrusmedia.dk\/en\/impact\/","og_locale":"en_GB","og_type":"article","og_title":"Impact - Citrusmedia","og_description":"Stilladsbannere og gavlreklamer skaber en st\u00e6rk visuel tilstedev\u00e6relse, der sikrer maksimal opm\u00e6rksomhed. Med Impact f\u00e5r brands en markant og langvarig eksponering, som kan forst\u00e6rkes yderligere med digitale sk\u00e6rme og guerilla marketing. Ved at kombinere storformat med dynamiske og kreative indsatser udnyttes byens puls optimalt, s\u00e5 kampagner f\u00e5r endnu st\u00f8rre gennemslagskraft. Premium Stilladsreklamer udnytter midlertidige byggeprojekter [&hellip;]","og_url":"https:\/\/citrusmedia.dk\/en\/impact\/","og_site_name":"Citrusmedia","article_modified_time":"2026-04-16T12:08:23+00:00","og_image":[{"width":1000,"height":90,"url":"https:\/\/citrusmedia.dk\/wp-content\/uploads\/2025\/03\/Impact.png","type":"image\/png"}],"twitter_card":"summary_large_image","twitter_misc":{"Estimated reading time":"2 minutes"},"schema":{"@context":"https:\/\/schema.org","@graph":[{"@type":"WebPage","@id":"https:\/\/citrusmedia.dk\/en\/impact\/","url":"https:\/\/citrusmedia.dk\/en\/impact\/","name":"Impact - Citrusmedia","isPartOf":{"@id":"https:\/\/citrusmedia.dk\/en\/#website"},"primaryImageOfPage":{"@id":"https:\/\/citrusmedia.dk\/en\/impact\/#primaryimage"},"image":{"@id":"https:\/\/citrusmedia.dk\/en\/impact\/#primaryimage"},"thumbnailUrl":"https:\/\/citrusmedia.dk\/wp-content\/uploads\/2025\/03\/Impact.png","datePublished":"2025-03-11T12:31:41+00:00","dateModified":"2026-04-16T12:08:23+00:00","breadcrumb":{"@id":"https:\/\/citrusmedia.dk\/en\/impact\/#breadcrumb"},"inLanguage":"en-GB","potentialAction":[{"@type":"ReadAction","target":["https:\/\/citrusmedia.dk\/en\/impact\/"]}]},{"@type":"ImageObject","inLanguage":"en-GB","@id":"https:\/\/citrusmedia.dk\/en\/impact\/#primaryimage","url":"https:\/\/citrusmedia.dk\/wp-content\/uploads\/2025\/03\/Impact.png","contentUrl":"https:\/\/citrusmedia.dk\/wp-content\/uploads\/2025\/03\/Impact.png"},{"@type":"BreadcrumbList","@id":"https:\/\/citrusmedia.dk\/en\/impact\/#breadcrumb","itemListElement":[{"@type":"ListItem","position":1,"name":"Home","item":"https:\/\/citrusmedia.dk\/"},{"@type":"ListItem","position":2,"name":"Impact"}]},{"@type":"WebSite","@id":"https:\/\/citrusmedia.dk\/en\/#website","url":"https:\/\/citrusmedia.dk\/en\/","name":"Citrusmedia","description":"Effektiv kommunikation","publisher":{"@id":"https:\/\/citrusmedia.dk\/en\/#organization"},"potentialAction":[{"@type":"SearchAction","target":{"@type":"EntryPoint","urlTemplate":"https:\/\/citrusmedia.dk\/en\/?s={search_term_string}"},"query-input":{"@type":"PropertyValueSpecification","valueRequired":true,"valueName":"search_term_string"}}],"inLanguage":"en-GB"},{"@type":"Organization","@id":"https:\/\/citrusmedia.dk\/en\/#organization","name":"Citrusmedia","url":"https:\/\/citrusmedia.dk\/en\/","logo":{"@type":"ImageObject","inLanguage":"en-GB","@id":"https:\/\/citrusmedia.dk\/en\/#\/schema\/logo\/image\/","url":"https:\/\/citrusmedia.dk\/wp-content\/uploads\/2023\/01\/Aktiv-25@4x.png","contentUrl":"https:\/\/citrusmedia.dk\/wp-content\/uploads\/2023\/01\/Aktiv-25@4x.png","width":1575,"height":1575,"caption":"Citrusmedia"},"image":{"@id":"https:\/\/citrusmedia.dk\/en\/#\/schema\/logo\/image\/"}}]}},"_links":{"self":[{"href":"https:\/\/citrusmedia.dk\/en\/wp-json\/wp\/v2\/pages\/127883","targetHints":{"allow":["GET"]}}],"collection":[{"href":"https:\/\/citrusmedia.dk\/en\/wp-json\/wp\/v2\/pages"}],"about":[{"href":"https:\/\/citrusmedia.dk\/en\/wp-json\/wp\/v2\/types\/page"}],"author":[{"embeddable":true,"href":"https:\/\/citrusmedia.dk\/en\/wp-json\/wp\/v2\/users\/3"}],"replies":[{"embeddable":true,"href":"https:\/\/citrusmedia.dk\/en\/wp-json\/wp\/v2\/comments?post=127883"}],"version-history":[{"count":19,"href":"https:\/\/citrusmedia.dk\/en\/wp-json\/wp\/v2\/pages\/127883\/revisions"}],"predecessor-version":[{"id":129314,"href":"https:\/\/citrusmedia.dk\/en\/wp-json\/wp\/v2\/pages\/127883\/revisions\/129314"}],"wp:attachment":[{"href":"https:\/\/citrusmedia.dk\/en\/wp-json\/wp\/v2\/media?parent=127883"}],"curies":[{"name":"wp","href":"https:\/\/api.w.org\/{rel}","templated":true}]}}