{"id":127240,"date":"2024-11-07T14:26:37","date_gmt":"2024-11-07T14:26:37","guid":{"rendered":"https:\/\/citrusmedia.dk\/?page_id=127240"},"modified":"2024-11-07T14:28:47","modified_gmt":"2024-11-07T14:28:47","slug":"elementor-127240","status":"publish","type":"page","link":"https:\/\/citrusmedia.dk\/en\/elementor-127240\/","title":{"rendered":"Elementor #127240"},"content":{"rendered":"<div data-elementor-type=\"wp-page\" data-elementor-id=\"127240\" class=\"elementor elementor-127240\" data-elementor-post-type=\"page\">\n\t\t\t\t\t\t<section class=\"elementor-section elementor-top-section elementor-element elementor-element-03b9ed3 elementor-section-boxed elementor-section-height-default elementor-section-height-default\" data-id=\"03b9ed3\" data-element_type=\"section\">\n\t\t\t\t\t\t<div class=\"elementor-container elementor-column-gap-default\">\n\t\t\t\t\t<div class=\"elementor-column elementor-col-100 elementor-top-column elementor-element elementor-element-5cbb55f\" data-id=\"5cbb55f\" data-element_type=\"column\">\n\t\t\t<div class=\"elementor-widget-wrap\">\n\t\t\t\t\t\t\t<\/div>\n\t\t<\/div>\n\t\t\t\t\t<\/div>\n\t\t<\/section>\n\t\t\t\t<section class=\"elementor-section elementor-top-section elementor-element elementor-element-25cc2e3d elementor-section-height-min-height elementor-section-boxed elementor-section-height-default elementor-section-items-middle\" data-id=\"25cc2e3d\" data-element_type=\"section\" data-settings=\"{&quot;background_background&quot;:&quot;video&quot;,&quot;background_video_link&quot;:&quot;\\\/wp-content\\\/uploads\\\/2022\\\/08\\\/Cases_video_hjemmeside_uden_grade_u.lyd_low_q.mp4&quot;}\">\n\t\t\t\t\t\t\t\t<div class=\"elementor-background-video-container elementor-hidden-mobile\">\n\t\t\t\t\t\t\t\t\t\t\t\t\t<video class=\"elementor-background-video-hosted\" autoplay muted playsinline loop><\/video>\n\t\t\t\t\t\t\t\t\t\t\t<\/div>\n\t\t\t\t\t\t\t\t\t<div class=\"elementor-background-overlay\"><\/div>\n\t\t\t\t\t\t\t<div class=\"elementor-container elementor-column-gap-default\">\n\t\t\t\t\t<div class=\"elementor-column elementor-col-100 elementor-top-column elementor-element elementor-element-24b63c63\" data-id=\"24b63c63\" data-element_type=\"column\">\n\t\t\t<div class=\"elementor-widget-wrap elementor-element-populated\">\n\t\t\t\t\t\t<div class=\"elementor-element elementor-element-9cbecac elementor-widget elementor-widget-heading\" data-id=\"9cbecac\" data-element_type=\"widget\" data-widget_type=\"heading.default\">\n\t\t\t\t<div class=\"elementor-widget-container\">\n\t\t\t\t\t<h1 class=\"elementor-heading-title elementor-size-default\">CITRUSMEDIA BLOG<\/h1>\t\t\t\t<\/div>\n\t\t\t\t<\/div>\n\t\t\t\t\t<\/div>\n\t\t<\/div>\n\t\t\t\t\t<\/div>\n\t\t<\/section>\n\t\t\t\t<section class=\"elementor-section elementor-top-section elementor-element elementor-element-185146ee elementor-section-height-min-height animated-fast elementor-section-boxed elementor-section-height-default elementor-section-items-middle elementor-invisible\" data-id=\"185146ee\" data-element_type=\"section\" data-settings=\"{&quot;animation&quot;:&quot;fadeInUp&quot;}\">\n\t\t\t\t\t\t<div class=\"elementor-container elementor-column-gap-wider\">\n\t\t\t\t\t<div class=\"elementor-column elementor-col-50 elementor-top-column elementor-element elementor-element-311a2d4c\" data-id=\"311a2d4c\" data-element_type=\"column\">\n\t\t\t<div class=\"elementor-widget-wrap elementor-element-populated\">\n\t\t\t\t\t\t<div class=\"elementor-element elementor-element-bbe5324 elementor-widget elementor-widget-image\" data-id=\"bbe5324\" data-element_type=\"widget\" data-widget_type=\"image.default\">\n\t\t\t\t<div class=\"elementor-widget-container\">\n\t\t\t\t\t\t\t\t\t\t\t\t\t\t\t<img fetchpriority=\"high\" decoding=\"async\" width=\"1124\" height=\"750\" src=\"https:\/\/citrusmedia.dk\/wp-content\/uploads\/2022\/08\/Billede3.jpg\" class=\"attachment-full size-full wp-image-120102\" alt=\"citrusmedia retail\" srcset=\"https:\/\/citrusmedia.dk\/wp-content\/uploads\/2022\/08\/Billede3.jpg 1124w, https:\/\/citrusmedia.dk\/wp-content\/uploads\/2022\/08\/Billede3-300x200.jpg 300w, https:\/\/citrusmedia.dk\/wp-content\/uploads\/2022\/08\/Billede3-1024x683.jpg 1024w, https:\/\/citrusmedia.dk\/wp-content\/uploads\/2022\/08\/Billede3-768x512.jpg 768w\" sizes=\"(max-width: 1124px) 100vw, 1124px\" \/>\t\t\t\t\t\t\t\t\t\t\t\t\t\t\t<\/div>\n\t\t\t\t<\/div>\n\t\t\t\t\t<\/div>\n\t\t<\/div>\n\t\t\t\t<div class=\"elementor-column elementor-col-50 elementor-top-column elementor-element elementor-element-31e9c86b\" data-id=\"31e9c86b\" data-element_type=\"column\">\n\t\t\t<div class=\"elementor-widget-wrap elementor-element-populated\">\n\t\t\t\t\t\t<div class=\"elementor-element elementor-element-644e0970 elementor-widget elementor-widget-heading\" data-id=\"644e0970\" data-element_type=\"widget\" data-widget_type=\"heading.default\">\n\t\t\t\t<div class=\"elementor-widget-container\">\n\t\t\t\t\t<h2 class=\"elementor-heading-title elementor-size-default\">Information, Data and analysis<\/h2>\t\t\t\t<\/div>\n\t\t\t\t<\/div>\n\t\t\t\t<div class=\"elementor-element elementor-element-1a4a4be4 elementor-widget elementor-widget-text-editor\" data-id=\"1a4a4be4\" data-element_type=\"widget\" data-widget_type=\"text-editor.default\">\n\t\t\t\t<div class=\"elementor-widget-container\">\n\t\t\t\t\t\t\t\t\t<p>Here you can read our latest information articles.<\/p>\t\t\t\t\t\t\t\t<\/div>\n\t\t\t\t<\/div>\n\t\t\t\t<div class=\"elementor-element elementor-element-1f35a030 elementor-widget elementor-widget-button\" data-id=\"1f35a030\" data-element_type=\"widget\" data-widget_type=\"button.default\">\n\t\t\t\t<div class=\"elementor-widget-container\">\n\t\t\t\t\t\t\t\t\t<div class=\"elementor-button-wrapper\">\n\t\t\t\t\t<a class=\"elementor-button elementor-button-link elementor-size-sm\" href=\"https:\/\/citrusmedia.dk\/en\/media-services\/retail\/\">\n\t\t\t\t\t\t<span class=\"elementor-button-content-wrapper\">\n\t\t\t\t\t\t\t\t\t<span class=\"elementor-button-text\">READ NOW<\/span>\n\t\t\t\t\t<\/span>\n\t\t\t\t\t<\/a>\n\t\t\t\t<\/div>\n\t\t\t\t\t\t\t\t<\/div>\n\t\t\t\t<\/div>\n\t\t\t\t\t<\/div>\n\t\t<\/div>\n\t\t\t\t\t<\/div>\n\t\t<\/section>\n\t\t\t\t<section class=\"elementor-section elementor-top-section elementor-element elementor-element-17114b20 elementor-section-height-min-height elementor-reverse-tablet elementor-reverse-mobile animated-fast elementor-section-boxed elementor-section-height-default elementor-section-items-middle elementor-invisible\" data-id=\"17114b20\" data-element_type=\"section\" data-settings=\"{&quot;animation&quot;:&quot;fadeInUp&quot;}\">\n\t\t\t\t\t\t<div class=\"elementor-container elementor-column-gap-wider\">\n\t\t\t\t\t<div class=\"elementor-column elementor-col-50 elementor-top-column elementor-element elementor-element-45ae06a2\" data-id=\"45ae06a2\" data-element_type=\"column\">\n\t\t\t<div class=\"elementor-widget-wrap elementor-element-populated\">\n\t\t\t\t\t\t<div class=\"elementor-element elementor-element-53d1571 elementor-widget elementor-widget-heading\" data-id=\"53d1571\" data-element_type=\"widget\" data-widget_type=\"heading.default\">\n\t\t\t\t<div class=\"elementor-widget-container\">\n\t\t\t\t\t<h2 class=\"elementor-heading-title elementor-size-default\">Inspiration from our media<\/h2>\t\t\t\t<\/div>\n\t\t\t\t<\/div>\n\t\t\t\t<div class=\"elementor-element elementor-element-bc4a98e elementor-widget elementor-widget-text-editor\" data-id=\"bc4a98e\" data-element_type=\"widget\" data-widget_type=\"text-editor.default\">\n\t\t\t\t<div class=\"elementor-widget-container\">\n\t\t\t\t\t\t\t\t\t<p>Here you can see our latest media and get inspiration from our favorite cases.<\/p>\t\t\t\t\t\t\t\t<\/div>\n\t\t\t\t<\/div>\n\t\t\t\t<div class=\"elementor-element elementor-element-644a4ac8 elementor-widget elementor-widget-button\" data-id=\"644a4ac8\" data-element_type=\"widget\" data-widget_type=\"button.default\">\n\t\t\t\t<div class=\"elementor-widget-container\">\n\t\t\t\t\t\t\t\t\t<div class=\"elementor-button-wrapper\">\n\t\t\t\t\t<a class=\"elementor-button elementor-button-link elementor-size-sm\" href=\"https:\/\/citrusmedia.dk\/en\/media-services\/studie\/\">\n\t\t\t\t\t\t<span class=\"elementor-button-content-wrapper\">\n\t\t\t\t\t\t\t\t\t<span class=\"elementor-button-text\">READ NOW<\/span>\n\t\t\t\t\t<\/span>\n\t\t\t\t\t<\/a>\n\t\t\t\t<\/div>\n\t\t\t\t\t\t\t\t<\/div>\n\t\t\t\t<\/div>\n\t\t\t\t\t<\/div>\n\t\t<\/div>\n\t\t\t\t<div class=\"elementor-column elementor-col-50 elementor-top-column elementor-element elementor-element-44b7e606\" data-id=\"44b7e606\" data-element_type=\"column\">\n\t\t\t<div class=\"elementor-widget-wrap elementor-element-populated\">\n\t\t\t\t\t\t<div class=\"elementor-element elementor-element-7b0fd770 elementor-widget elementor-widget-image\" data-id=\"7b0fd770\" data-element_type=\"widget\" data-widget_type=\"image.default\">\n\t\t\t\t<div class=\"elementor-widget-container\">\n\t\t\t\t\t\t\t\t\t\t\t\t\t\t\t<img decoding=\"async\" width=\"900\" height=\"600\" src=\"https:\/\/citrusmedia.dk\/wp-content\/uploads\/2022\/08\/rjr6w26rdvvixchlx0rj.jpg\" class=\"attachment-full size-full wp-image-120104\" alt=\"citrusmedia m\u00e5lgrupper\" srcset=\"https:\/\/citrusmedia.dk\/wp-content\/uploads\/2022\/08\/rjr6w26rdvvixchlx0rj.jpg 900w, https:\/\/citrusmedia.dk\/wp-content\/uploads\/2022\/08\/rjr6w26rdvvixchlx0rj-300x200.jpg 300w, https:\/\/citrusmedia.dk\/wp-content\/uploads\/2022\/08\/rjr6w26rdvvixchlx0rj-768x512.jpg 768w\" sizes=\"(max-width: 900px) 100vw, 900px\" \/>\t\t\t\t\t\t\t\t\t\t\t\t\t\t\t<\/div>\n\t\t\t\t<\/div>\n\t\t\t\t\t<\/div>\n\t\t<\/div>\n\t\t\t\t\t<\/div>\n\t\t<\/section>\n\t\t\t\t<section class=\"elementor-section elementor-top-section elementor-element elementor-element-76abceb elementor-section-full_width elementor-section-height-min-height elementor-section-height-default elementor-section-items-middle\" data-id=\"76abceb\" data-element_type=\"section\" data-settings=\"{&quot;background_background&quot;:&quot;classic&quot;}\">\n\t\t\t\t\t\t<div class=\"elementor-container elementor-column-gap-default\">\n\t\t\t\t\t<div class=\"elementor-column elementor-col-100 elementor-top-column elementor-element elementor-element-1b8fb94d\" data-id=\"1b8fb94d\" data-element_type=\"column\">\n\t\t\t<div class=\"elementor-widget-wrap elementor-element-populated\">\n\t\t\t\t\t\t<div class=\"elementor-element elementor-element-2de186a9 elementor-widget elementor-widget-heading\" data-id=\"2de186a9\" data-element_type=\"widget\" data-widget_type=\"heading.default\">\n\t\t\t\t<div class=\"elementor-widget-container\">\n\t\t\t\t\t<h3 class=\"elementor-heading-title elementor-size-default\">Should we have a chat about your <br>next campaign<\/h3>\t\t\t\t<\/div>\n\t\t\t\t<\/div>\n\t\t\t\t<div class=\"elementor-element elementor-element-4f2fb994 elementor-align-center elementor-widget elementor-widget-button\" data-id=\"4f2fb994\" data-element_type=\"widget\" data-widget_type=\"button.default\">\n\t\t\t\t<div class=\"elementor-widget-container\">\n\t\t\t\t\t\t\t\t\t<div class=\"elementor-button-wrapper\">\n\t\t\t\t\t<a class=\"elementor-button elementor-button-link elementor-size-sm\" href=\"\/en\/contact\/\">\n\t\t\t\t\t\t<span class=\"elementor-button-content-wrapper\">\n\t\t\t\t\t\t\t\t\t<span class=\"elementor-button-text\">CONTACT US TODAY<\/span>\n\t\t\t\t\t<\/span>\n\t\t\t\t\t<\/a>\n\t\t\t\t<\/div>\n\t\t\t\t\t\t\t\t<\/div>\n\t\t\t\t<\/div>\n\t\t\t\t\t<\/div>\n\t\t<\/div>\n\t\t\t\t\t<\/div>\n\t\t<\/section>\n\t\t\t\t<section class=\"elementor-section elementor-top-section elementor-element elementor-element-4ccac8c elementor-section-boxed elementor-section-height-default elementor-section-height-default\" data-id=\"4ccac8c\" data-element_type=\"section\">\n\t\t\t\t\t\t<div class=\"elementor-container elementor-column-gap-default\">\n\t\t\t\t\t<div class=\"elementor-column elementor-col-100 elementor-top-column elementor-element elementor-element-bda839c\" data-id=\"bda839c\" data-element_type=\"column\">\n\t\t\t<div class=\"elementor-widget-wrap elementor-element-populated\">\n\t\t\t\t\t\t<div class=\"elementor-element elementor-element-22f0663 elementor-button-align-start elementor-widget__width-initial elementor-widget elementor-widget-form\" data-id=\"22f0663\" data-element_type=\"widget\" data-settings=\"{&quot;step_next_label&quot;:&quot;Next&quot;,&quot;step_previous_label&quot;:&quot;Previous&quot;,&quot;button_width&quot;:&quot;100&quot;,&quot;step_type&quot;:&quot;number_text&quot;,&quot;step_icon_shape&quot;:&quot;circle&quot;}\" data-widget_type=\"form.default\">\n\t\t\t\t<div class=\"elementor-widget-container\">\n\t\t\t\t\t\t\t<form class=\"elementor-form\" method=\"post\" name=\"Citrus Media Contact form\" action=\"\">\n\t\t\t<input type=\"hidden\" name=\"post_id\" value=\"127240\"\/>\n\t\t\t<input type=\"hidden\" name=\"form_id\" value=\"22f0663\"\/>\n\t\t\t<input type=\"hidden\" name=\"referer_title\" value=\"Citrusmedia\" \/>\n\n\t\t\t\n\t\t\t<div class=\"elementor-form-fields-wrapper elementor-labels-\">\n\t\t\t\t\t\t\t\t<div class=\"elementor-field-type-text elementor-field-group elementor-column elementor-field-group-name elementor-col-100 elementor-field-required\">\n\t\t\t\t\t\t\t\t\t\t\t\t<label for=\"form-field-name\" class=\"elementor-field-label elementor-screen-only\">\n\t\t\t\t\t\t\t\tName\t\t\t\t\t\t\t<\/label>\n\t\t\t\t\t\t\t\t\t\t\t\t\t\t<input size=\"1\" type=\"text\" name=\"form_fields[name]\" id=\"form-field-name\" class=\"elementor-field elementor-size-sm  elementor-field-textual\" placeholder=\"What is your name?\" required=\"required\">\n\t\t\t\t\t\t\t\t\t\t\t<\/div>\n\t\t\t\t\t\t\t\t<div class=\"elementor-field-type-text elementor-field-group elementor-column elementor-field-group-field_7ae3ba9 elementor-col-100 elementor-field-required\">\n\t\t\t\t\t\t\t\t\t\t\t\t<label for=\"form-field-field_7ae3ba9\" class=\"elementor-field-label elementor-screen-only\">\n\t\t\t\t\t\t\t\tTelephone number\t\t\t\t\t\t\t<\/label>\n\t\t\t\t\t\t\t\t\t\t\t\t\t\t<input size=\"1\" type=\"text\" name=\"form_fields[field_7ae3ba9]\" id=\"form-field-field_7ae3ba9\" class=\"elementor-field elementor-size-sm  elementor-field-textual\" placeholder=\"Which telephone number can we reach you at?\" required=\"required\">\n\t\t\t\t\t\t\t\t\t\t\t<\/div>\n\t\t\t\t\t\t\t\t<div class=\"elementor-field-type-email elementor-field-group elementor-column elementor-field-group-email elementor-col-100 elementor-field-required\">\n\t\t\t\t\t\t\t\t\t\t\t\t<label for=\"form-field-email\" class=\"elementor-field-label elementor-screen-only\">\n\t\t\t\t\t\t\t\tEmail\t\t\t\t\t\t\t<\/label>\n\t\t\t\t\t\t\t\t\t\t\t\t\t\t<input size=\"1\" type=\"email\" name=\"form_fields[email]\" id=\"form-field-email\" class=\"elementor-field elementor-size-sm  elementor-field-textual\" placeholder=\"The e-mail we can reach you at?\" required=\"required\">\n\t\t\t\t\t\t\t\t\t\t\t<\/div>\n\t\t\t\t\t\t\t\t<div class=\"elementor-field-type-textarea elementor-field-group elementor-column elementor-field-group-message elementor-col-100 elementor-field-required\">\n\t\t\t\t\t\t\t\t\t\t\t\t<label for=\"form-field-message\" class=\"elementor-field-label elementor-screen-only\">\n\t\t\t\t\t\t\t\tMessage\t\t\t\t\t\t\t<\/label>\n\t\t\t\t\t\t<textarea class=\"elementor-field-textual elementor-field  elementor-size-sm\" name=\"form_fields[message]\" id=\"form-field-message\" rows=\"4\" placeholder=\"Write your message here....\" required=\"required\"><\/textarea>\t\t\t\t<\/div>\n\t\t\t\t\t\t\t\t<div class=\"elementor-field-type-recaptcha elementor-field-group elementor-column elementor-field-group-field_cf42cb6 elementor-col-100\">\n\t\t\t\t\t<div class=\"elementor-field\" id=\"form-field-field_cf42cb6\"><div class=\"elementor-g-recaptcha\" data-sitekey=\"6LfzrBUqAAAAACfQOljU6vd768AE5csJ9N6K2Dkg\" data-type=\"v2_checkbox\" data-theme=\"light\" data-size=\"normal\"><\/div><\/div>\t\t\t\t<\/div>\n\t\t\t\t\t\t\t\t<div class=\"elementor-field-group elementor-column elementor-field-type-submit elementor-col-100 e-form__buttons\">\n\t\t\t\t\t<button class=\"elementor-button elementor-size-sm\" type=\"submit\">\n\t\t\t\t\t\t<span class=\"elementor-button-content-wrapper\">\n\t\t\t\t\t\t\t\t\t\t\t\t\t\t\t\t\t\t\t\t\t\t<span class=\"elementor-button-text\">CONTACT US TODAY<\/span>\n\t\t\t\t\t\t\t\t\t\t\t\t\t<\/span>\n\t\t\t\t\t<\/button>\n\t\t\t\t<\/div>\n\t\t\t<\/div>\n\t\t<input type=\"hidden\" name=\"trp-form-language\" value=\"en\"\/><\/form>\n\t\t\t\t\t\t<\/div>\n\t\t\t\t<\/div>\n\t\t\t\t\t<\/div>\n\t\t<\/div>\n\t\t\t\t\t<\/div>\n\t\t<\/section>\n\t\t\t\t<\/div>","protected":false},"excerpt":{"rendered":"<p>CITRUSMEDIA BLOG Information, Data and analysis Here you can read our latest information articles. READ NOW Inspiration from our media Here you can see our latest media and get inspiration from our favorite cases. READ NOW Want to chat about your next campaign CONTACT US TODAY<\/p>","protected":false},"author":3,"featured_media":0,"parent":0,"menu_order":0,"comment_status":"closed","ping_status":"closed","template":"","meta":{"footnotes":""},"class_list":["post-127240","page","type-page","status-publish","hentry"],"acf":[],"yoast_head":"<!-- This site is optimized with the Yoast SEO plugin v27.5 - https:\/\/yoast.com\/product\/yoast-seo-wordpress\/ -->\n<title>Elementor #127240 - Citrusmedia<\/title>\n<meta name=\"robots\" content=\"index, follow, max-snippet:-1, max-image-preview:large, max-video-preview:-1\" \/>\n<link rel=\"canonical\" href=\"https:\/\/citrusmedia.dk\/en\/elementor-127240\/\" \/>\n<meta property=\"og:locale\" content=\"en_GB\" \/>\n<meta property=\"og:type\" content=\"article\" \/>\n<meta property=\"og:title\" content=\"Elementor #127240 - Citrusmedia\" \/>\n<meta property=\"og:description\" content=\"CITRUSMEDIA BLOG Information, Data og analyser Her kan du l\u00e6se vores nyeste informationsartikler. L\u00c6S NU Inspiration fra vores medier Her kan du se vores nyeste medier og f\u00e5 inspiration fra vores favorit cases. L\u00c6S NU Skal vi tage en snak om jeres n\u00e6ste kampagne KONTAKT OS I DAG\" \/>\n<meta property=\"og:url\" content=\"https:\/\/citrusmedia.dk\/en\/elementor-127240\/\" \/>\n<meta property=\"og:site_name\" content=\"Citrusmedia\" \/>\n<meta property=\"article:modified_time\" content=\"2024-11-07T14:28:47+00:00\" \/>\n<meta property=\"og:image\" content=\"https:\/\/citrusmedia.dk\/wp-content\/uploads\/2022\/08\/Billede3.jpg\" \/>\n\t<meta property=\"og:image:width\" content=\"1124\" \/>\n\t<meta property=\"og:image:height\" content=\"750\" \/>\n\t<meta property=\"og:image:type\" content=\"image\/jpeg\" \/>\n<meta name=\"twitter:card\" content=\"summary_large_image\" \/>\n<meta name=\"twitter:label1\" content=\"Estimated reading time\" \/>\n\t<meta name=\"twitter:data1\" content=\"1 minute\" \/>\n<script type=\"application\/ld+json\" class=\"yoast-schema-graph\">{\"@context\":\"https:\\\/\\\/schema.org\",\"@graph\":[{\"@type\":\"WebPage\",\"@id\":\"https:\\\/\\\/citrusmedia.dk\\\/en\\\/elementor-127240\\\/\",\"url\":\"https:\\\/\\\/citrusmedia.dk\\\/en\\\/elementor-127240\\\/\",\"name\":\"Elementor #127240 - Citrusmedia\",\"isPartOf\":{\"@id\":\"https:\\\/\\\/citrusmedia.dk\\\/en\\\/#website\"},\"primaryImageOfPage\":{\"@id\":\"https:\\\/\\\/citrusmedia.dk\\\/en\\\/elementor-127240\\\/#primaryimage\"},\"image\":{\"@id\":\"https:\\\/\\\/citrusmedia.dk\\\/en\\\/elementor-127240\\\/#primaryimage\"},\"thumbnailUrl\":\"https:\\\/\\\/citrusmedia.dk\\\/wp-content\\\/uploads\\\/2022\\\/08\\\/Billede3.jpg\",\"datePublished\":\"2024-11-07T14:26:37+00:00\",\"dateModified\":\"2024-11-07T14:28:47+00:00\",\"breadcrumb\":{\"@id\":\"https:\\\/\\\/citrusmedia.dk\\\/en\\\/elementor-127240\\\/#breadcrumb\"},\"inLanguage\":\"en-GB\",\"potentialAction\":[{\"@type\":\"ReadAction\",\"target\":[\"https:\\\/\\\/citrusmedia.dk\\\/en\\\/elementor-127240\\\/\"]}]},{\"@type\":\"ImageObject\",\"inLanguage\":\"en-GB\",\"@id\":\"https:\\\/\\\/citrusmedia.dk\\\/en\\\/elementor-127240\\\/#primaryimage\",\"url\":\"https:\\\/\\\/citrusmedia.dk\\\/wp-content\\\/uploads\\\/2022\\\/08\\\/Billede3.jpg\",\"contentUrl\":\"https:\\\/\\\/citrusmedia.dk\\\/wp-content\\\/uploads\\\/2022\\\/08\\\/Billede3.jpg\"},{\"@type\":\"BreadcrumbList\",\"@id\":\"https:\\\/\\\/citrusmedia.dk\\\/en\\\/elementor-127240\\\/#breadcrumb\",\"itemListElement\":[{\"@type\":\"ListItem\",\"position\":1,\"name\":\"Home\",\"item\":\"https:\\\/\\\/citrusmedia.dk\\\/\"},{\"@type\":\"ListItem\",\"position\":2,\"name\":\"Elementor #127240\"}]},{\"@type\":\"WebSite\",\"@id\":\"https:\\\/\\\/citrusmedia.dk\\\/en\\\/#website\",\"url\":\"https:\\\/\\\/citrusmedia.dk\\\/en\\\/\",\"name\":\"Citrusmedia\",\"description\":\"Effektiv kommunikation\",\"publisher\":{\"@id\":\"https:\\\/\\\/citrusmedia.dk\\\/en\\\/#organization\"},\"potentialAction\":[{\"@type\":\"SearchAction\",\"target\":{\"@type\":\"EntryPoint\",\"urlTemplate\":\"https:\\\/\\\/citrusmedia.dk\\\/en\\\/?s={search_term_string}\"},\"query-input\":{\"@type\":\"PropertyValueSpecification\",\"valueRequired\":true,\"valueName\":\"search_term_string\"}}],\"inLanguage\":\"en-GB\"},{\"@type\":\"Organization\",\"@id\":\"https:\\\/\\\/citrusmedia.dk\\\/en\\\/#organization\",\"name\":\"Citrusmedia\",\"url\":\"https:\\\/\\\/citrusmedia.dk\\\/en\\\/\",\"logo\":{\"@type\":\"ImageObject\",\"inLanguage\":\"en-GB\",\"@id\":\"https:\\\/\\\/citrusmedia.dk\\\/en\\\/#\\\/schema\\\/logo\\\/image\\\/\",\"url\":\"https:\\\/\\\/citrusmedia.dk\\\/wp-content\\\/uploads\\\/2023\\\/01\\\/Aktiv-25@4x.png\",\"contentUrl\":\"https:\\\/\\\/citrusmedia.dk\\\/wp-content\\\/uploads\\\/2023\\\/01\\\/Aktiv-25@4x.png\",\"width\":1575,\"height\":1575,\"caption\":\"Citrusmedia\"},\"image\":{\"@id\":\"https:\\\/\\\/citrusmedia.dk\\\/en\\\/#\\\/schema\\\/logo\\\/image\\\/\"}}]}<\/script>\n<!-- \/ Yoast SEO plugin. -->","yoast_head_json":{"title":"Elementor #127240 - Citrusmedia","robots":{"index":"index","follow":"follow","max-snippet":"max-snippet:-1","max-image-preview":"max-image-preview:large","max-video-preview":"max-video-preview:-1"},"canonical":"https:\/\/citrusmedia.dk\/en\/elementor-127240\/","og_locale":"en_GB","og_type":"article","og_title":"Elementor #127240 - Citrusmedia","og_description":"CITRUSMEDIA BLOG Information, Data og analyser Her kan du l\u00e6se vores nyeste informationsartikler. L\u00c6S NU Inspiration fra vores medier Her kan du se vores nyeste medier og f\u00e5 inspiration fra vores favorit cases. L\u00c6S NU Skal vi tage en snak om jeres n\u00e6ste kampagne KONTAKT OS I DAG","og_url":"https:\/\/citrusmedia.dk\/en\/elementor-127240\/","og_site_name":"Citrusmedia","article_modified_time":"2024-11-07T14:28:47+00:00","og_image":[{"width":1124,"height":750,"url":"https:\/\/citrusmedia.dk\/wp-content\/uploads\/2022\/08\/Billede3.jpg","type":"image\/jpeg"}],"twitter_card":"summary_large_image","twitter_misc":{"Estimated reading time":"1 minute"},"schema":{"@context":"https:\/\/schema.org","@graph":[{"@type":"WebPage","@id":"https:\/\/citrusmedia.dk\/en\/elementor-127240\/","url":"https:\/\/citrusmedia.dk\/en\/elementor-127240\/","name":"Elementor #127240 - Citrusmedia","isPartOf":{"@id":"https:\/\/citrusmedia.dk\/en\/#website"},"primaryImageOfPage":{"@id":"https:\/\/citrusmedia.dk\/en\/elementor-127240\/#primaryimage"},"image":{"@id":"https:\/\/citrusmedia.dk\/en\/elementor-127240\/#primaryimage"},"thumbnailUrl":"https:\/\/citrusmedia.dk\/wp-content\/uploads\/2022\/08\/Billede3.jpg","datePublished":"2024-11-07T14:26:37+00:00","dateModified":"2024-11-07T14:28:47+00:00","breadcrumb":{"@id":"https:\/\/citrusmedia.dk\/en\/elementor-127240\/#breadcrumb"},"inLanguage":"en-GB","potentialAction":[{"@type":"ReadAction","target":["https:\/\/citrusmedia.dk\/en\/elementor-127240\/"]}]},{"@type":"ImageObject","inLanguage":"en-GB","@id":"https:\/\/citrusmedia.dk\/en\/elementor-127240\/#primaryimage","url":"https:\/\/citrusmedia.dk\/wp-content\/uploads\/2022\/08\/Billede3.jpg","contentUrl":"https:\/\/citrusmedia.dk\/wp-content\/uploads\/2022\/08\/Billede3.jpg"},{"@type":"BreadcrumbList","@id":"https:\/\/citrusmedia.dk\/en\/elementor-127240\/#breadcrumb","itemListElement":[{"@type":"ListItem","position":1,"name":"Home","item":"https:\/\/citrusmedia.dk\/"},{"@type":"ListItem","position":2,"name":"Elementor #127240"}]},{"@type":"WebSite","@id":"https:\/\/citrusmedia.dk\/en\/#website","url":"https:\/\/citrusmedia.dk\/en\/","name":"Citrusmedia","description":"Effektiv kommunikation","publisher":{"@id":"https:\/\/citrusmedia.dk\/en\/#organization"},"potentialAction":[{"@type":"SearchAction","target":{"@type":"EntryPoint","urlTemplate":"https:\/\/citrusmedia.dk\/en\/?s={search_term_string}"},"query-input":{"@type":"PropertyValueSpecification","valueRequired":true,"valueName":"search_term_string"}}],"inLanguage":"en-GB"},{"@type":"Organization","@id":"https:\/\/citrusmedia.dk\/en\/#organization","name":"Citrusmedia","url":"https:\/\/citrusmedia.dk\/en\/","logo":{"@type":"ImageObject","inLanguage":"en-GB","@id":"https:\/\/citrusmedia.dk\/en\/#\/schema\/logo\/image\/","url":"https:\/\/citrusmedia.dk\/wp-content\/uploads\/2023\/01\/Aktiv-25@4x.png","contentUrl":"https:\/\/citrusmedia.dk\/wp-content\/uploads\/2023\/01\/Aktiv-25@4x.png","width":1575,"height":1575,"caption":"Citrusmedia"},"image":{"@id":"https:\/\/citrusmedia.dk\/en\/#\/schema\/logo\/image\/"}}]}},"_links":{"self":[{"href":"https:\/\/citrusmedia.dk\/en\/wp-json\/wp\/v2\/pages\/127240","targetHints":{"allow":["GET"]}}],"collection":[{"href":"https:\/\/citrusmedia.dk\/en\/wp-json\/wp\/v2\/pages"}],"about":[{"href":"https:\/\/citrusmedia.dk\/en\/wp-json\/wp\/v2\/types\/page"}],"author":[{"embeddable":true,"href":"https:\/\/citrusmedia.dk\/en\/wp-json\/wp\/v2\/users\/3"}],"replies":[{"embeddable":true,"href":"https:\/\/citrusmedia.dk\/en\/wp-json\/wp\/v2\/comments?post=127240"}],"version-history":[{"count":7,"href":"https:\/\/citrusmedia.dk\/en\/wp-json\/wp\/v2\/pages\/127240\/revisions"}],"predecessor-version":[{"id":127248,"href":"https:\/\/citrusmedia.dk\/en\/wp-json\/wp\/v2\/pages\/127240\/revisions\/127248"}],"wp:attachment":[{"href":"https:\/\/citrusmedia.dk\/en\/wp-json\/wp\/v2\/media?parent=127240"}],"curies":[{"name":"wp","href":"https:\/\/api.w.org\/{rel}","templated":true}]}}